{"id":239,"date":"2020-04-12T19:35:54","date_gmt":"2020-04-12T19:35:54","guid":{"rendered":"http:\/\/wordpress.hard-boiled-movies.de\/?page_id=239"},"modified":"2025-06-26T06:36:48","modified_gmt":"2025-06-26T06:36:48","slug":"ueber-mich","status":"publish","type":"page","link":"https:\/\/hard-boiled-movies.de\/?page_id=239","title":{"rendered":"\u00dcber mich"},"content":{"rendered":"\n<figure class=\"wp-block-image size-large\"><img loading=\"lazy\" decoding=\"async\" width=\"1011\" height=\"1024\" src=\"http:\/\/wordpress.hard-boiled-movies.de\/wp-content\/uploads\/2023\/01\/silverfox1982x-1011x1024.jpg\" alt=\"\" class=\"wp-image-13693\" srcset=\"https:\/\/hard-boiled-movies.de\/wp-content\/uploads\/2023\/01\/silverfox1982x-1011x1024.jpg 1011w, https:\/\/hard-boiled-movies.de\/wp-content\/uploads\/2023\/01\/silverfox1982x-296x300.jpg 296w, https:\/\/hard-boiled-movies.de\/wp-content\/uploads\/2023\/01\/silverfox1982x-768x778.jpg 768w, https:\/\/hard-boiled-movies.de\/wp-content\/uploads\/2023\/01\/silverfox1982x-1517x1536.jpg 1517w, https:\/\/hard-boiled-movies.de\/wp-content\/uploads\/2023\/01\/silverfox1982x-88x88.jpg 88w, https:\/\/hard-boiled-movies.de\/wp-content\/uploads\/2023\/01\/silverfox1982x-900x911.jpg 900w, https:\/\/hard-boiled-movies.de\/wp-content\/uploads\/2023\/01\/silverfox1982x-1280x1296.jpg 1280w, https:\/\/hard-boiled-movies.de\/wp-content\/uploads\/2023\/01\/silverfox1982x.jpg 1530w\" sizes=\"auto, (max-width: 1011px) 100vw, 1011px\" \/><\/figure>\n\n\n\n<p><\/p>\n\n\n\n<p><strong>Sch\u00f6n, dass Du den Weg auf meine kleine Webseite gefunden hast!<\/strong><\/p>\n\n\n\n<p>Ich hei\u00dfe <strong>Ferdinand<\/strong>, Fachinformatiker, Baujahr 1982 und seit Kleinauf ein gro\u00dfer Fan von Filmen und Videospielen. Schon immer habe ich \u00fcber den ber\u00fchmten Tellerrand geschaut und dabei nicht nur Gefallen an manch altem Hollywood-Klassiker, sondern haupts\u00e4chlich an Streifen aus Asien gefunden.<\/p>\n\n\n\n<p>Fr\u00fch begleiteten mich Werke wie &#8220;A chinese Ghost Story&#8221;, &#8220;Saviour of the Soul&#8221; (woher ich meinen Spitzname &gt;Silverfox&lt; entlieh) oder &#8220;A better Tomorrow&#8221;. Sp\u00e4testens mit dem Durchbruch des koreanischen Kinos Mitte\/Ende der 90iger waren dann alle D\u00e4mme gebrochen und das &#8220;Neuland&#8221; Internet half mir bei meinen Entdeckungen (und Bestellungen in aller Welt).<\/p>\n\n\n\n<p>Da es vor rund 20-25 Jahren kaum deutschsprachige Anlaufstellen f\u00fcr solche Titel gab, habe ich hard-boiled-movies.de (abgeleitet von einem meiner Lieblingsfilme) ins Leben gerufen und wurde rasch zu einer DER Seiten f\u00fcr das Thema &#8211; was sich in Anfragen von Labels, Texte f\u00fcr TV-Zeitschriften, etc. widerspiegelte. Neben Besprechungen zu asiatischen Filmen sind mittlerweile auch Artikel zu Videospielen und Hardware dazu gekommen &#8211; alles in kleinen Rahmen versteht sich.<\/p>\n\n\n\n<p>Da ich das Ganze hier in meiner knappen Freizeit &#8211; und vollkommen unentgeltlich auf eigene Kosten &#8211; betreibe, gibt es hier weder tagesaktuelle News, noch feste Termine f\u00fcr bestimmte Ver\u00f6ffentlichungen. Ich versuche so oft wie m\u00f6glich Updates liefern zu k\u00f6nnen, bin aber auch stets auf neues Material zur Sichtung angewiesen &#8211; weshalb ich mich hier auch bei unterst\u00fctzenden Labels mit gelegentlichen Review-Exemplaren bedanken m\u00f6chte!<\/p>\n\n\n\n<p>Ich bedanke mich  zus\u00e4tzlich auch bei meinen treuen Lesern, hoffe auch in Zukunft weiter mit euch im Austausch stehen zu d\u00fcrfen und  Ihr wenigstens ein bisschen Spa\u00df am Lesen der Beitr\u00e4ge habt. Nach und nach werde mich mich an das &#8220;Konvertieren&#8221; alter Artikel machen, lasse das <a href=\"http:\/\/archiv.hard-boiled-movies.de\" target=\"_blank\" rel=\"noreferrer noopener\">Archiv<\/a> jedoch weiterhin ge\u00f6ffnet, auch wenn es mit Umstellung der PHP-Versionen seitens des Hosters formatierungstechnisch immer weiter &#8220;zerf\u00e4llt&#8221;.<\/p>\n\n\n\n<p>Bei Fragen, Anregungen oder Ideen zur Kooperation &#8211; kontaktiert mich einfach und schaut ebenfalls bei meinem <a href=\"https:\/\/www.instagram.com\/silverfox1982x\/\" data-type=\"URL\" data-id=\"https:\/\/www.instagram.com\/silverfox1982x\/\" target=\"_blank\" rel=\"noreferrer noopener\">Instagram<\/a>-Account rein. Hier bekommt ihr regelm\u00e4\u00dfig den Film oder das Spiel des Tages pr\u00e4sentiert &#8211; nat\u00fcrlich auch viel mit dem Fokus auf asiatische Produktionen.<\/p>\n\n\n\n<p><strong>Euer Ferdinand alias silverfox1982x<\/strong><\/p>\n","protected":false},"excerpt":{"rendered":"<p>Sch\u00f6n, dass Du den Weg auf meine kleine Webseite gefunden hast! Ich hei\u00dfe Ferdinand, Fachinformatiker, Baujahr 1982 und seit Kleinauf ein gro\u00dfer Fan von Filmen und Videospielen. Schon immer habe ich \u00fcber den ber\u00fchmten Tellerrand geschaut und dabei nicht nur Gefallen an manch altem Hollywood-Klassiker, sondern haupts\u00e4chlich an Streifen aus Asien gefunden. Fr\u00fch begleiteten mich Werke wie &#8220;A chinese Ghost Story&#8221;, &#8220;Saviour of the Soul&#8221; (woher ich meinen Spitzname &gt;Silverfox&lt; entlieh) oder &#8220;A better Tomorrow&#8221;. Sp\u00e4testens mit dem Durchbruch des koreanischen Kinos Mitte\/Ende der 90iger waren dann alle D\u00e4mme gebrochen und das &#8220;Neuland&#8221; Internet half mir bei meinen Entdeckungen (und Bestellungen in aller Welt). Da es vor rund 20-25 Jahren kaum deutschsprachige Anlaufstellen f\u00fcr solche Titel gab, habe ich hard-boiled-movies.de (abgeleitet von einem meiner Lieblingsfilme) ins Leben gerufen und wurde rasch zu einer DER Seiten f\u00fcr das Thema &#8211; was sich in Anfragen von Labels, Texte f\u00fcr TV-Zeitschriften, etc. widerspiegelte. Neben Besprechungen zu asiatischen Filmen sind mittlerweile auch Artikel zu Videospielen und Hardware dazu gekommen &#8211; alles in kleinen Rahmen versteht sich. Da ich das Ganze hier in meiner knappen Freizeit &#8211; und vollkommen unentgeltlich auf eigene Kosten &#8211; betreibe, gibt es hier weder tagesaktuelle News, noch feste Termine f\u00fcr bestimmte Ver\u00f6ffentlichungen. Ich versuche so oft wie m\u00f6glich Updates liefern zu k\u00f6nnen, bin aber auch stets auf neues Material zur Sichtung angewiesen &#8211; weshalb ich mich hier auch bei unterst\u00fctzenden Labels mit gelegentlichen Review-Exemplaren bedanken m\u00f6chte! Ich bedanke mich zus\u00e4tzlich auch bei meinen treuen Lesern, hoffe auch in Zukunft weiter mit euch im Austausch stehen zu d\u00fcrfen und Ihr wenigstens ein bisschen Spa\u00df am Lesen der Beitr\u00e4ge habt. Nach und nach werde mich mich an das &#8220;Konvertieren&#8221; alter Artikel machen, lasse das Archiv jedoch weiterhin ge\u00f6ffnet, auch wenn es mit Umstellung der PHP-Versionen seitens des Hosters formatierungstechnisch immer weiter &#8220;zerf\u00e4llt&#8221;. Bei Fragen, Anregungen oder Ideen zur Kooperation &#8211; kontaktiert mich einfach und schaut ebenfalls bei meinem Instagram-Account rein. Hier bekommt ihr regelm\u00e4\u00dfig den Film oder das Spiel des Tages pr\u00e4sentiert &#8211; nat\u00fcrlich auch viel mit dem Fokus auf asiatische Produktionen. Euer Ferdinand alias silverfox1982x<\/p>\n","protected":false},"author":1,"featured_media":0,"parent":0,"menu_order":0,"comment_status":"closed","ping_status":"closed","template":"","meta":{"footnotes":""},"class_list":["post-239","page","type-page","status-publish","hentry"],"_links":{"self":[{"href":"https:\/\/hard-boiled-movies.de\/index.php?rest_route=\/wp\/v2\/pages\/239","targetHints":{"allow":["GET"]}}],"collection":[{"href":"https:\/\/hard-boiled-movies.de\/index.php?rest_route=\/wp\/v2\/pages"}],"about":[{"href":"https:\/\/hard-boiled-movies.de\/index.php?rest_route=\/wp\/v2\/types\/page"}],"author":[{"embeddable":true,"href":"https:\/\/hard-boiled-movies.de\/index.php?rest_route=\/wp\/v2\/users\/1"}],"replies":[{"embeddable":true,"href":"https:\/\/hard-boiled-movies.de\/index.php?rest_route=%2Fwp%2Fv2%2Fcomments&post=239"}],"version-history":[{"count":45,"href":"https:\/\/hard-boiled-movies.de\/index.php?rest_route=\/wp\/v2\/pages\/239\/revisions"}],"predecessor-version":[{"id":27147,"href":"https:\/\/hard-boiled-movies.de\/index.php?rest_route=\/wp\/v2\/pages\/239\/revisions\/27147"}],"wp:attachment":[{"href":"https:\/\/hard-boiled-movies.de\/index.php?rest_route=%2Fwp%2Fv2%2Fmedia&parent=239"}],"curies":[{"name":"wp","href":"https:\/\/api.w.org\/{rel}","templated":true}]}}