{"id":35,"date":"2020-04-10T15:21:52","date_gmt":"2020-04-10T15:21:52","guid":{"rendered":"http:\/\/wordpress.hard-boiled-movies.de\/?page_id=35"},"modified":"2022-01-29T14:42:05","modified_gmt":"2022-01-29T14:42:05","slug":"datenschutzerklaerung","status":"publish","type":"page","link":"https:\/\/hard-boiled-movies.de\/?page_id=35","title":{"rendered":"Datenschutzerkl\u00e4rung"},"content":{"rendered":"\n<p><strong>Allgemeine Datenschutzhinweise<\/strong><br><br>Auf dieser Website werden von mir keinerlei pers\u00f6nliche Daten (IP-Adressen, Cookies, etc.) gespeichert, ausgewertet oder auf andere Weise verarbeitet. Aus diesen Grund wird auch keine Weitergabe an Dritte erfolgen.<\/p>\n\n\n\n<p>Die m\u00f6glicherweise vom Provider erfassten, statistischen Daten (Anzahl Besucher, Verweildauer, etc.) sind f\u00fcr mich anonymisiert und lassen f\u00fcr mich deshalb keinen R\u00fcckschluss auf Ihre Person zu.<\/p>\n\n\n\n<p>Wenn Sie mich \u00fcber das Kontaktformular anschreiben bzw. eine eMail an die angegebene Kontaktadresse senden, behalte ich diese \u00fcberreichten Informationen nur so lange es der Schriftverkehr erfordert. Auch diese Daten werden nicht an Dritte weitergegeben.<\/p>\n\n\n\n<p><strong>YouTube<\/strong><br><br>Einige Seiten verwenden zur Darstellung von Trailern einen Verweis auf YouTube.<br><br>Wenn Sie eine der mit einem YouTube-Plugin ausgestatteten Seiten besuchen, wird eine Verbindung zu den Servern von YouTube hergestellt. Dabei wird dem YouTube-Server mitgeteilt, welche unserer Seiten Sie besucht haben.<br><br>Wenn Sie in Ihrem YouTube-Account eingeloggt sind, erm\u00f6glichen Sie YouTube, Ihr Surfverhalten direkt Ihrem pers\u00f6nlichen Profil zuzuordnen. Dies k\u00f6nnen Sie verhindern, indem Sie sich aus Ihrem YouTube-Account ausloggen.<br><\/p>\n\n\n\n<p><strong>WordPress<\/strong><\/p>\n\n\n\n<p>Mir liegen keine Erkenntnise vor, welche Informationen vom WordPress-Netzwerk gespeichert und weiterverarbeitet werden.<\/p>\n\n\n\n<p><strong>Links zu anderen Webseiten<\/strong><br><br>Diese Website enth\u00e4lt Links zu anderen Internetseiten. Ich habe jedoch keinen Einfluss darauf, das deren Betreiber die aktuell geltenden Datenschutzbestimmungen einhalten.<\/p>\n","protected":false},"excerpt":{"rendered":"<p>Allgemeine Datenschutzhinweise Auf dieser Website werden von mir keinerlei pers\u00f6nliche Daten (IP-Adressen, Cookies, etc.) gespeichert, ausgewertet oder auf andere Weise verarbeitet. Aus diesen Grund wird auch keine Weitergabe an Dritte erfolgen. Die m\u00f6glicherweise vom Provider erfassten, statistischen Daten (Anzahl Besucher, Verweildauer, etc.) sind f\u00fcr mich anonymisiert und lassen f\u00fcr mich deshalb keinen R\u00fcckschluss auf Ihre Person zu. Wenn Sie mich \u00fcber das Kontaktformular anschreiben bzw. eine eMail an die angegebene Kontaktadresse senden, behalte ich diese \u00fcberreichten Informationen nur so lange es der Schriftverkehr erfordert. Auch diese Daten werden nicht an Dritte weitergegeben. YouTube Einige Seiten verwenden zur Darstellung von Trailern einen Verweis auf YouTube. Wenn Sie eine der mit einem YouTube-Plugin ausgestatteten Seiten besuchen, wird eine Verbindung zu den Servern von YouTube hergestellt. Dabei wird dem YouTube-Server mitgeteilt, welche unserer Seiten Sie besucht haben. Wenn Sie in Ihrem YouTube-Account eingeloggt sind, erm\u00f6glichen Sie YouTube, Ihr Surfverhalten direkt Ihrem pers\u00f6nlichen Profil zuzuordnen. Dies k\u00f6nnen Sie verhindern, indem Sie sich aus Ihrem YouTube-Account ausloggen. WordPress Mir liegen keine Erkenntnise vor, welche Informationen vom WordPress-Netzwerk gespeichert und weiterverarbeitet werden. Links zu anderen Webseiten Diese Website enth\u00e4lt Links zu anderen Internetseiten. Ich habe jedoch keinen Einfluss darauf, das deren Betreiber die aktuell geltenden Datenschutzbestimmungen einhalten.<\/p>\n","protected":false},"author":1,"featured_media":0,"parent":0,"menu_order":0,"comment_status":"closed","ping_status":"closed","template":"","meta":{"footnotes":""},"class_list":["post-35","page","type-page","status-publish","hentry"],"_links":{"self":[{"href":"https:\/\/hard-boiled-movies.de\/index.php?rest_route=\/wp\/v2\/pages\/35","targetHints":{"allow":["GET"]}}],"collection":[{"href":"https:\/\/hard-boiled-movies.de\/index.php?rest_route=\/wp\/v2\/pages"}],"about":[{"href":"https:\/\/hard-boiled-movies.de\/index.php?rest_route=\/wp\/v2\/types\/page"}],"author":[{"embeddable":true,"href":"https:\/\/hard-boiled-movies.de\/index.php?rest_route=\/wp\/v2\/users\/1"}],"replies":[{"embeddable":true,"href":"https:\/\/hard-boiled-movies.de\/index.php?rest_route=%2Fwp%2Fv2%2Fcomments&post=35"}],"version-history":[{"count":2,"href":"https:\/\/hard-boiled-movies.de\/index.php?rest_route=\/wp\/v2\/pages\/35\/revisions"}],"predecessor-version":[{"id":10956,"href":"https:\/\/hard-boiled-movies.de\/index.php?rest_route=\/wp\/v2\/pages\/35\/revisions\/10956"}],"wp:attachment":[{"href":"https:\/\/hard-boiled-movies.de\/index.php?rest_route=%2Fwp%2Fv2%2Fmedia&parent=35"}],"curies":[{"name":"wp","href":"https:\/\/api.w.org\/{rel}","templated":true}]}}