{"id":47,"date":"2020-04-10T15:36:43","date_gmt":"2020-04-10T15:36:43","guid":{"rendered":"http:\/\/wordpress.hard-boiled-movies.de\/?page_id=47"},"modified":"2025-07-10T13:26:24","modified_gmt":"2025-07-10T13:26:24","slug":"impressum","status":"publish","type":"page","link":"https:\/\/hard-boiled-movies.de\/?page_id=47","title":{"rendered":"Impressum"},"content":{"rendered":"\n<p>Herausgeber dieser Webseiten ist die Privatperson Ferdinand Spreyer. Sie ist verantwortlich f\u00fcr die Seitengestaltung und deren Inhalte. Die Webseite und die Bilder sind urheberrechtlich gesch\u00fctzt. Vervielf\u00e4ltigung von Texten und Grafiken ist ohne vorherige Zustimmung nicht gestattet. Ich \u00fcbernehme keine Haftung f\u00fcr Inhalte extern verlinkter Seiten.<\/p>\n\n\n\n<p><strong>Die Bildrechte liegen bei den jeweiligen Herausgebern<\/strong>.<\/p>\n\n\n\n<p><strong>Das Banner dieser Webseite ist mit Hilfe von KI entstanden<\/strong>.<\/p>\n\n\n\n<hr class=\"wp-block-separator has-alpha-channel-opacity\"\/>\n\n\n\n<p><strong>Anbieter i.S.d. TDG\/MDStV*.<\/strong><\/p>\n\n\n\n<p>Ferdinand Spreyer<br>Zum Hinkelstein 19<br>D-55595 Hargesheim<\/p>\n\n\n\n<p>Telefon: (+49) 0671 \/ 316 54<\/p>\n\n\n\n<p>E-Mail: info@hard-boiled-movies.de<br>Internet: www.hard-boiled-movies.de<\/p>\n\n\n\n<p>*Anbieter im Sinne des Teledienst-Gesetzes \/ Mediendienste &#8211; Staatsvertrag<\/p>\n\n\n\n<p><strong>Verantwortliche Person &amp; Programmierung.<\/strong><\/p>\n\n\n\n<p>Ferdinand Spreyer<br>Zum Hinkelstein 19<br>D-55595 Hargesheim<\/p>\n\n\n\n<p>Telefon: (+49) 0671 \/ 316 54<\/p>\n\n\n\n<p>E-Mail: info@hard-boiled-movies.de<br>Internet: www.hard-boiled-movies.de<\/p>\n","protected":false},"excerpt":{"rendered":"<p>Herausgeber dieser Webseiten ist die Privatperson Ferdinand Spreyer. Sie ist verantwortlich f\u00fcr die Seitengestaltung und deren Inhalte. Die Webseite und die Bilder sind urheberrechtlich gesch\u00fctzt. Vervielf\u00e4ltigung von Texten und Grafiken ist ohne vorherige Zustimmung nicht gestattet. Ich \u00fcbernehme keine Haftung f\u00fcr Inhalte extern verlinkter Seiten. Die Bildrechte liegen bei den jeweiligen Herausgebern. Das Banner dieser Webseite ist mit Hilfe von KI entstanden. Anbieter i.S.d. TDG\/MDStV*. Ferdinand SpreyerZum Hinkelstein 19D-55595 Hargesheim Telefon: (+49) 0671 \/ 316 54 E-Mail: info@hard-boiled-movies.deInternet: www.hard-boiled-movies.de *Anbieter im Sinne des Teledienst-Gesetzes \/ Mediendienste &#8211; Staatsvertrag Verantwortliche Person &amp; Programmierung. Ferdinand SpreyerZum Hinkelstein 19D-55595 Hargesheim Telefon: (+49) 0671 \/ 316 54 E-Mail: info@hard-boiled-movies.deInternet: www.hard-boiled-movies.de<\/p>\n","protected":false},"author":1,"featured_media":0,"parent":0,"menu_order":0,"comment_status":"closed","ping_status":"closed","template":"","meta":{"footnotes":""},"class_list":["post-47","page","type-page","status-publish","hentry"],"_links":{"self":[{"href":"https:\/\/hard-boiled-movies.de\/index.php?rest_route=\/wp\/v2\/pages\/47","targetHints":{"allow":["GET"]}}],"collection":[{"href":"https:\/\/hard-boiled-movies.de\/index.php?rest_route=\/wp\/v2\/pages"}],"about":[{"href":"https:\/\/hard-boiled-movies.de\/index.php?rest_route=\/wp\/v2\/types\/page"}],"author":[{"embeddable":true,"href":"https:\/\/hard-boiled-movies.de\/index.php?rest_route=\/wp\/v2\/users\/1"}],"replies":[{"embeddable":true,"href":"https:\/\/hard-boiled-movies.de\/index.php?rest_route=%2Fwp%2Fv2%2Fcomments&post=47"}],"version-history":[{"count":4,"href":"https:\/\/hard-boiled-movies.de\/index.php?rest_route=\/wp\/v2\/pages\/47\/revisions"}],"predecessor-version":[{"id":27470,"href":"https:\/\/hard-boiled-movies.de\/index.php?rest_route=\/wp\/v2\/pages\/47\/revisions\/27470"}],"wp:attachment":[{"href":"https:\/\/hard-boiled-movies.de\/index.php?rest_route=%2Fwp%2Fv2%2Fmedia&parent=47"}],"curies":[{"name":"wp","href":"https:\/\/api.w.org\/{rel}","templated":true}]}}